{"id":2838,"date":"2023-12-11T15:40:18","date_gmt":"2023-12-11T14:40:18","guid":{"rendered":"https:\/\/art-et-muses.com\/?page_id=2838"},"modified":"2024-04-30T14:51:03","modified_gmt":"2024-04-30T13:51:03","slug":"publications","status":"publish","type":"page","link":"https:\/\/art-et-muses.com\/?page_id=2838","title":{"rendered":"PUBLICATIONS"},"content":{"rendered":"\n<hr class=\"wp-block-separator has-alpha-channel-opacity\"\/>\n\n\n\n<p>Au fil du temps, l\u2019ensemble Art et Muses a arrang\u00e9 pour trio, des pi\u00e8ces qui lui tenaient \u00e0 c\u0153ur.<\/p>\n\n\n\n<p class=\"has-very-light-gray-to-cyan-bluish-gray-gradient-background has-background has-medium-font-size\">Elles sont disponibles \u00e0 la vente sur le site de l\u2019\u00e9diteur Klarthe\u00a0. Cliquez sur l&rsquo;image de la partition afin de vous rendre directement sur les pages d&rsquo;informations.<\/p>\n\n\n\n<p><\/p>\n\n\n\n<p><\/p>\n\n\n\n<figure class=\"wp-block-image aligncenter size-large is-resized\"><a href=\"https:\/\/www.klarthe.com\/index.php\/fr\/dolly-gabriel-faure-detail\"><img  alt=\"\" class=\"wp-image-3101 lws-optimize-lazyload\" style=\"width:298px;height:auto\"\/ data-src=\"https:\/\/art-et-muses.com\/wp-content\/uploads\/2024\/04\/Dolly-Op.56-741x1024.png\"><\/a><\/figure>\n\n\n\n<hr class=\"wp-block-separator has-alpha-channel-opacity\"\/>\n\n\n\n<figure class=\"wp-block-image aligncenter size-large is-resized\"><a href=\"https:\/\/www.klarthe.com\/index.php\/fr\/romance-sans-paroles-gabriel-faure-detail\"><img  alt=\"\" class=\"wp-image-3103 lws-optimize-lazyload\" style=\"width:307px;height:auto\"\/ data-src=\"https:\/\/art-et-muses.com\/wp-content\/uploads\/2024\/04\/Romance-Sans-Paroles-OP.17-N3-740x1024.png\"><\/a><\/figure>\n\n\n\n<hr class=\"wp-block-separator has-alpha-channel-opacity\"\/>\n\n\n\n<figure class=\"wp-block-image aligncenter size-large is-resized\"><a href=\"https:\/\/www.klarthe.com\/index.php\/fr\/sicilienne-gabriel-faure-detail\"><img  alt=\"\" class=\"wp-image-3104 lws-optimize-lazyload\" style=\"width:308px;height:auto\"\/ data-src=\"https:\/\/art-et-muses.com\/wp-content\/uploads\/2024\/04\/Sicilienne-739x1024.png\"><\/a><\/figure>\n\n\n\n<hr class=\"wp-block-separator has-alpha-channel-opacity\"\/>\n\n\n\n<figure class=\"wp-block-image aligncenter size-large is-resized\"><a href=\"https:\/\/www.klarthe.com\/index.php\/fr\/pavane-op-50-gabriel-faure-detail\"><img  alt=\"\" class=\"wp-image-3029 lws-optimize-lazyload\" style=\"width:319px;height:auto\"\/ data-src=\"https:\/\/art-et-muses.com\/wp-content\/uploads\/2023\/12\/K374couv8-724x1024.jpg\"><\/a><\/figure>\n\n\n\n<hr class=\"wp-block-separator has-alpha-channel-opacity\"\/>\n","protected":false},"excerpt":{"rendered":"<p>Au fil du temps, l\u2019ensemble Art et Muses a arrang\u00e9 pour trio, des pi\u00e8ces qui lui tenaient \u00e0 c\u0153ur. Elles sont disponibles \u00e0 la vente sur le site de l\u2019\u00e9diteur Klarthe\u00a0. Cliquez sur l&rsquo;image de la partition afin de vous rendre directement sur les pages d&rsquo;informations.<\/p>\n","protected":false},"author":6,"featured_media":0,"parent":0,"menu_order":0,"comment_status":"closed","ping_status":"closed","template":"","meta":{"footnotes":""},"class_list":["post-2838","page","type-page","status-publish","hentry"],"_links":{"self":[{"href":"https:\/\/art-et-muses.com\/index.php?rest_route=\/wp\/v2\/pages\/2838","targetHints":{"allow":["GET"]}}],"collection":[{"href":"https:\/\/art-et-muses.com\/index.php?rest_route=\/wp\/v2\/pages"}],"about":[{"href":"https:\/\/art-et-muses.com\/index.php?rest_route=\/wp\/v2\/types\/page"}],"author":[{"embeddable":true,"href":"https:\/\/art-et-muses.com\/index.php?rest_route=\/wp\/v2\/users\/6"}],"replies":[{"embeddable":true,"href":"https:\/\/art-et-muses.com\/index.php?rest_route=%2Fwp%2Fv2%2Fcomments&post=2838"}],"version-history":[{"count":0,"href":"https:\/\/art-et-muses.com\/index.php?rest_route=\/wp\/v2\/pages\/2838\/revisions"}],"wp:attachment":[{"href":"https:\/\/art-et-muses.com\/index.php?rest_route=%2Fwp%2Fv2%2Fmedia&parent=2838"}],"curies":[{"name":"wp","href":"https:\/\/api.w.org\/{rel}","templated":true}]}}