{"id":2709,"date":"2023-11-30T18:36:56","date_gmt":"2023-11-30T17:36:56","guid":{"rendered":"https:\/\/art-et-muses.com\/?page_id=2709"},"modified":"2024-01-31T15:58:52","modified_gmt":"2024-01-31T14:58:52","slug":"repertoire","status":"publish","type":"page","link":"https:\/\/art-et-muses.com\/?page_id=2709","title":{"rendered":"REPERTOIRE"},"content":{"rendered":"\n<p class=\"has-text-align-center\" style=\"font-size:1.3rem;font-style:normal;font-weight:300\">L\u2019Ensemble Art et Muses n\u2019h\u00e9site pas \u00e0&nbsp;\u00e9largir ses horizons avec d\u2019autres artistes (com\u00e9diens, conteurs, ch\u0153urs\u2026),&nbsp;pour enrichir&nbsp;ses spectacles.<\/p>\n\n\n\n<p class=\"has-text-align-center\" style=\"font-size:1.3rem;font-style:normal;font-weight:300\">Pour informations et tarifs, nous consulter.<\/p>\n\n\n\n<hr class=\"wp-block-separator has-alpha-channel-opacity is-style-wide\"\/>\n\n\n\n<div class=\"wp-block-media-text alignwide is-stacked-on-mobile is-image-fill\" style=\"grid-template-columns:49% auto\"><figure class=\"wp-block-media-text__media\" style=\"background-image:url(https:\/\/art-et-muses.com\/wp-content\/uploads\/2023\/12\/Au-temps.1-1024x724.jpeg);background-position:37% 0%\"><img  alt=\"\" class=\"wp-image-2976 size-full lws-optimize-lazyload\"\/ data-src=\"https:\/\/art-et-muses.com\/wp-content\/uploads\/2023\/12\/Au-temps.1-1024x724.jpeg\"><\/figure><div class=\"wp-block-media-text__content\">\n<p class=\"has-text-align-center\">Concert (1h) ou&nbsp;Concert-lecture&nbsp;(1h15 sans entracte)<br>Plongez dans l\u2019univers artistique de la                   Belle-\u00e9poque&nbsp;o\u00f9 se rencontraient m\u00e9c\u00e8nes, peintres, musiciens et po\u00e8tes. Tel l\u2019impressionnisme m\u00ealant jeux de couleurs et lumi\u00e8res, la musique et la po\u00e9sie se fondent.<br><br>Textes : Colette, Proust, Verlaine&#8230;<br>Musiques : de Debussy, Faur\u00e9. Bax\u2026<\/p>\n<\/div><\/div>\n\n\n\n<hr class=\"wp-block-separator has-alpha-channel-opacity is-style-wide\"\/>\n\n\n\n<div class=\"wp-block-media-text alignwide is-stacked-on-mobile\"><figure class=\"wp-block-media-text__media\"><img  alt=\"\" class=\"wp-image-2978 size-full lws-optimize-lazyload\"\/ data-src=\"https:\/\/art-et-muses.com\/wp-content\/uploads\/2023\/12\/Faur-copie.1-1024x724.jpeg\"><\/figure><div class=\"wp-block-media-text__content\">\n<p class=\"has-text-align-center\">Concert&nbsp;(1h sans entracte)&nbsp;<\/p>\n\n\n\n<p class=\"has-text-align-center\">A la d\u00e9couverte de quelques unes des plus belles pages \u00e9crites par Gabriel Faur\u00e9 (et certains de ses contemporains).<\/p>\n<\/div><\/div>\n\n\n\n<hr class=\"wp-block-separator has-alpha-channel-opacity is-style-wide\"\/>\n\n\n\n<div class=\"wp-block-media-text alignwide is-stacked-on-mobile\"><figure class=\"wp-block-media-text__media\"><img  alt=\"\" class=\"wp-image-2997 size-full lws-optimize-lazyload\"\/ data-src=\"https:\/\/art-et-muses.com\/wp-content\/uploads\/2023\/12\/Visuel-medieval-copie-2.1.jpeg\"><\/figure><div class=\"wp-block-media-text__content\">\n<p class=\"has-text-align-center\">Concert-lecture Jeune Public&nbsp;(1h sans entracte).&nbsp;<\/p>\n\n\n\n<p class=\"has-text-align-center\">Danses et Airs de cour m\u00e9di\u00e9vaux, avec conteur(s).<\/p>\n\n\n\n<p class=\"has-text-align-center\"><\/p>\n<\/div><\/div>\n\n\n\n<hr class=\"wp-block-separator has-alpha-channel-opacity is-style-wide\"\/>\n\n\n\n<div class=\"wp-block-media-text alignwide is-stacked-on-mobile\"><figure class=\"wp-block-media-text__media\"><img  alt=\"\" class=\"wp-image-2821 size-full lws-optimize-lazyload\"\/ data-src=\"https:\/\/art-et-muses.com\/wp-content\/uploads\/2023\/12\/france-Angleterre-copie.1-1024x724.jpeg\"><\/figure><div class=\"wp-block-media-text__content\">\n<p class=\"has-text-align-center\">Concert&nbsp;(1h sans entracte).&nbsp;<\/p>\n\n\n\n<p class=\"has-text-align-center\">M\u00ealant la french \u00e9l\u00e9gance et le flegme so british, ce concert vous invite \u00e0 d\u00e9couvrir les compositeurs post-romantiques des deux c\u00f4t\u00e9s de la Manche.<\/p>\n\n\n\n<p class=\"has-text-align-center\">C.Debussy, G.Faur\u00e9,&nbsp;B.Britten,&nbsp;&nbsp;A. Bax, &#8230;&nbsp;<\/p>\n<\/div><\/div>\n\n\n\n<hr class=\"wp-block-separator has-alpha-channel-opacity is-style-wide\"\/>\n\n\n\n<div class=\"wp-block-media-text alignwide is-stacked-on-mobile\" style=\"grid-template-columns:49% auto\"><figure class=\"wp-block-media-text__media\"><img  alt=\"\" class=\"wp-image-3065 size-full lws-optimize-lazyload\"\/ data-src=\"https:\/\/art-et-muses.com\/wp-content\/uploads\/2024\/01\/A-la-carte-2.1-e1705243314385.jpeg\"><\/figure><div class=\"wp-block-media-text__content\">\n<p><\/p>\n\n\n\n<p><\/p>\n\n\n\n<p>Le programme peut \u00eatre adapt\u00e9 en fonction de l&rsquo;\u00e9v\u00e8nement, du lieu ou des souhaits de l&rsquo;organisateur.<\/p>\n\n\n\n<p>N&rsquo;h\u00e9sitez pas \u00e0 nous contacter pour en parler.<\/p>\n\n\n\n<p><\/p>\n\n\n\n<p><\/p>\n\n\n\n<p><\/p>\n<\/div><\/div>\n","protected":false},"excerpt":{"rendered":"<p>L\u2019Ensemble Art et Muses n\u2019h\u00e9site pas \u00e0&nbsp;\u00e9largir ses horizons avec d\u2019autres artistes (com\u00e9diens, conteurs, ch\u0153urs\u2026),&nbsp;pour enrichir&nbsp;ses spectacles. Pour informations et tarifs, nous consulter. Concert (1h) ou&nbsp;Concert-lecture&nbsp;(1h15 sans entracte)Plongez dans l\u2019univers artistique de la Belle-\u00e9poque&nbsp;o\u00f9 se rencontraient m\u00e9c\u00e8nes, peintres, musiciens et po\u00e8tes. Tel l\u2019impressionnisme m\u00ealant jeux de couleurs et lumi\u00e8res, la musique et la po\u00e9sie se [&hellip;]<\/p>\n","protected":false},"author":6,"featured_media":0,"parent":0,"menu_order":0,"comment_status":"closed","ping_status":"closed","template":"","meta":{"footnotes":""},"class_list":["post-2709","page","type-page","status-publish","hentry"],"_links":{"self":[{"href":"https:\/\/art-et-muses.com\/index.php?rest_route=\/wp\/v2\/pages\/2709","targetHints":{"allow":["GET"]}}],"collection":[{"href":"https:\/\/art-et-muses.com\/index.php?rest_route=\/wp\/v2\/pages"}],"about":[{"href":"https:\/\/art-et-muses.com\/index.php?rest_route=\/wp\/v2\/types\/page"}],"author":[{"embeddable":true,"href":"https:\/\/art-et-muses.com\/index.php?rest_route=\/wp\/v2\/users\/6"}],"replies":[{"embeddable":true,"href":"https:\/\/art-et-muses.com\/index.php?rest_route=%2Fwp%2Fv2%2Fcomments&post=2709"}],"version-history":[{"count":0,"href":"https:\/\/art-et-muses.com\/index.php?rest_route=\/wp\/v2\/pages\/2709\/revisions"}],"wp:attachment":[{"href":"https:\/\/art-et-muses.com\/index.php?rest_route=%2Fwp%2Fv2%2Fmedia&parent=2709"}],"curies":[{"name":"wp","href":"https:\/\/api.w.org\/{rel}","templated":true}]}}