{"id":1762,"date":"2016-11-16T10:51:58","date_gmt":"2016-11-16T09:51:58","guid":{"rendered":"http:\/\/art-et-muses.com\/?page_id=1762"},"modified":"2024-01-16T15:08:49","modified_gmt":"2024-01-16T14:08:49","slug":"gallerie","status":"publish","type":"page","link":"https:\/\/art-et-muses.com\/?page_id=1762","title":{"rendered":"MEDIAS"},"content":{"rendered":"\n<hr class=\"wp-block-separator has-alpha-channel-opacity\"\/>\n\n\n\n<div class=\"wp-block-media-text is-stacked-on-mobile is-style-twentytwentyone-border has-background-background-color has-background\" style=\"padding-top:0;padding-right:var(--wp--preset--spacing--20);padding-bottom:0;padding-left:var(--wp--preset--spacing--20);font-style:normal;font-weight:300;grid-template-columns:63% auto\"><figure class=\"wp-block-media-text__media\"><video controls src=\"https:\/\/art-et-muses.com\/wp-content\/uploads\/2020\/11\/Pavane.mp4\" class=\"lws-optimize-lazyload\"><\/video><\/figure><div class=\"wp-block-media-text__content\">\n<p style=\"font-size:25px\">Pavane<\/p>\n\n\n\n<p style=\"font-size:25px\">G. Faur\u00e9<\/p>\n\n\n\n<p class=\"has-small-font-size\">(arr. No\u00e9mie AIRIAU, Ed. Klarth\u00e9)<\/p>\n<\/div><\/div>\n\n\n\n<hr class=\"wp-block-separator has-alpha-channel-opacity\"\/>\n\n\n\n<div class=\"wp-block-media-text is-stacked-on-mobile is-style-twentytwentyone-border has-background-background-color has-background\" style=\"font-style:normal;font-weight:300;grid-template-columns:62% auto\"><figure class=\"wp-block-media-text__media\"><video controls src=\"https:\/\/art-et-muses.com\/wp-content\/uploads\/2020\/11\/Teaser-2020-Light.mp4\" class=\"lws-optimize-lazyload\"><\/video><\/figure><div class=\"wp-block-media-text__content\">\n<p style=\"font-size:25px\">Concert-lecture<\/p>\n\n\n\n<p style=\"font-size:22px\">\u00ab\u00a0Au temps des impressionnistes\u00a0\u00bb<\/p>\n<\/div><\/div>\n\n\n\n<hr class=\"wp-block-separator has-alpha-channel-opacity\"\/>\n\n\n\n<figure class=\"wp-block-gallery alignfull has-nested-images columns-2 is-cropped wp-block-gallery-1 is-layout-flex wp-block-gallery-is-layout-flex\">\n<figure class=\"wp-block-image size-medium\"><a href=\"https:\/\/art-et-muses.com\/wp-content\/uploads\/2023\/12\/thumbnail_0d9ed41a-5c2d-4d50-997b-a6190ce749a3.jpg\"><img data-id=\"3019\"  alt=\"\" class=\"wp-image-3019 lws-optimize-lazyload\"\/ data-src=\"https:\/\/art-et-muses.com\/wp-content\/uploads\/2023\/12\/thumbnail_0d9ed41a-5c2d-4d50-997b-a6190ce749a3-300x201.jpg\"><\/a><figcaption class=\"wp-element-caption\">Droits Art-et-Muses<\/figcaption><\/figure>\n\n\n\n<figure class=\"wp-block-image size-medium\"><a href=\"https:\/\/art-et-muses.com\/wp-content\/uploads\/2023\/12\/DSC_6423.jpg\"><img data-id=\"2983\"  alt=\"\" class=\"wp-image-2983 lws-optimize-lazyload\"\/ data-src=\"https:\/\/art-et-muses.com\/wp-content\/uploads\/2023\/12\/DSC_6423-300x200.jpg\"><\/a><figcaption class=\"wp-element-caption\">Droits Art-et-Muses<\/figcaption><\/figure>\n\n\n\n<figure class=\"wp-block-image size-large\"><a href=\"https:\/\/art-et-muses.com\/wp-content\/uploads\/2017\/12\/171123-04_18AR-1.jpg\"><img width=\"1024\" height=\"683\" data-id=\"2498\"  alt=\"\" class=\"wp-image-2498 lws-optimize-lazyload\"\/ data-src=\"https:\/\/art-et-muses.com\/wp-content\/uploads\/2017\/12\/171123-04_18AR-1-1024x683.jpg\" srcset=\"https:\/\/art-et-muses.com\/wp-content\/uploads\/2017\/12\/171123-04_18AR-1-1024x683.jpg 1024w, https:\/\/art-et-muses.com\/wp-content\/uploads\/2017\/12\/171123-04_18AR-1-300x200.jpg 300w, https:\/\/art-et-muses.com\/wp-content\/uploads\/2017\/12\/171123-04_18AR-1-768x512.jpg 768w, https:\/\/art-et-muses.com\/wp-content\/uploads\/2017\/12\/171123-04_18AR-1-1080x721.jpg 1080w, https:\/\/art-et-muses.com\/wp-content\/uploads\/2017\/12\/171123-04_18AR-1.jpg 1770w\" sizes=\"(max-width: 1024px) 100vw, 1024px\" \/><\/a><\/figure>\n\n\n\n<figure class=\"wp-block-image size-large\"><a href=\"https:\/\/art-et-muses.com\/wp-content\/uploads\/2017\/09\/IMG_1568.jpg\"><img width=\"1024\" height=\"683\" data-id=\"2477\"  alt=\"\" class=\"wp-image-2477 lws-optimize-lazyload\"\/ data-src=\"https:\/\/art-et-muses.com\/wp-content\/uploads\/2017\/09\/IMG_1568-1024x683.jpg\" srcset=\"https:\/\/art-et-muses.com\/wp-content\/uploads\/2017\/09\/IMG_1568-1024x683.jpg 1024w, https:\/\/art-et-muses.com\/wp-content\/uploads\/2017\/09\/IMG_1568-300x200.jpg 300w, https:\/\/art-et-muses.com\/wp-content\/uploads\/2017\/09\/IMG_1568-768x512.jpg 768w, https:\/\/art-et-muses.com\/wp-content\/uploads\/2017\/09\/IMG_1568-1080x720.jpg 1080w\" sizes=\"(max-width: 1024px) 100vw, 1024px\" \/><\/a><figcaption class=\"wp-element-caption\">Droits Art-et-Muses<\/figcaption><\/figure>\n\n\n\n<figure class=\"wp-block-image size-large\"><a href=\"https:\/\/art-et-muses.com\/wp-content\/uploads\/2017\/09\/IMG_1567.jpg\"><img width=\"683\" height=\"1024\" data-id=\"2476\"  alt=\"\" class=\"wp-image-2476 lws-optimize-lazyload\"\/ data-src=\"https:\/\/art-et-muses.com\/wp-content\/uploads\/2017\/09\/IMG_1567-683x1024.jpg\" srcset=\"https:\/\/art-et-muses.com\/wp-content\/uploads\/2017\/09\/IMG_1567-683x1024.jpg 683w, https:\/\/art-et-muses.com\/wp-content\/uploads\/2017\/09\/IMG_1567-200x300.jpg 200w, https:\/\/art-et-muses.com\/wp-content\/uploads\/2017\/09\/IMG_1567-768x1152.jpg 768w, https:\/\/art-et-muses.com\/wp-content\/uploads\/2017\/09\/IMG_1567-1080x1620.jpg 1080w\" sizes=\"(max-width: 683px) 100vw, 683px\" \/><\/a><figcaption class=\"wp-element-caption\">Droits Art-et-Muses<\/figcaption><\/figure>\n\n\n\n<figure class=\"wp-block-image size-large\"><a href=\"https:\/\/art-et-muses.com\/wp-content\/uploads\/2017\/09\/IMG_1553.jpg\"><img width=\"1024\" height=\"683\" data-id=\"2473\"  alt=\"\" class=\"wp-image-2473 lws-optimize-lazyload\"\/ data-src=\"https:\/\/art-et-muses.com\/wp-content\/uploads\/2017\/09\/IMG_1553-1024x683.jpg\" srcset=\"https:\/\/art-et-muses.com\/wp-content\/uploads\/2017\/09\/IMG_1553-1024x683.jpg 1024w, https:\/\/art-et-muses.com\/wp-content\/uploads\/2017\/09\/IMG_1553-300x200.jpg 300w, https:\/\/art-et-muses.com\/wp-content\/uploads\/2017\/09\/IMG_1553-768x512.jpg 768w, https:\/\/art-et-muses.com\/wp-content\/uploads\/2017\/09\/IMG_1553-1080x720.jpg 1080w\" sizes=\"(max-width: 1024px) 100vw, 1024px\" \/><\/a><figcaption class=\"wp-element-caption\">Droits Art-et-Muses<\/figcaption><\/figure>\n\n\n\n<figure class=\"wp-block-image size-large\"><a href=\"https:\/\/art-et-muses.com\/wp-content\/uploads\/2017\/09\/IMG_1445.jpg\"><img width=\"683\" height=\"1024\" data-id=\"2471\"  alt=\"\" class=\"wp-image-2471 lws-optimize-lazyload\"\/ data-src=\"https:\/\/art-et-muses.com\/wp-content\/uploads\/2017\/09\/IMG_1445-683x1024.jpg\" srcset=\"https:\/\/art-et-muses.com\/wp-content\/uploads\/2017\/09\/IMG_1445-683x1024.jpg 683w, https:\/\/art-et-muses.com\/wp-content\/uploads\/2017\/09\/IMG_1445-200x300.jpg 200w, https:\/\/art-et-muses.com\/wp-content\/uploads\/2017\/09\/IMG_1445-768x1152.jpg 768w, https:\/\/art-et-muses.com\/wp-content\/uploads\/2017\/09\/IMG_1445-1080x1620.jpg 1080w\" sizes=\"(max-width: 683px) 100vw, 683px\" \/><\/a><figcaption class=\"wp-element-caption\">Droits Art-et-Muses<\/figcaption><\/figure>\n\n\n\n<figure class=\"wp-block-image size-large\"><a href=\"https:\/\/art-et-muses.com\/wp-content\/uploads\/2017\/09\/IMG_1352.jpg\"><img width=\"1024\" height=\"683\" data-id=\"2467\"  alt=\"\" class=\"wp-image-2467 lws-optimize-lazyload\"\/ data-src=\"https:\/\/art-et-muses.com\/wp-content\/uploads\/2017\/09\/IMG_1352-1024x683.jpg\" srcset=\"https:\/\/art-et-muses.com\/wp-content\/uploads\/2017\/09\/IMG_1352-1024x683.jpg 1024w, https:\/\/art-et-muses.com\/wp-content\/uploads\/2017\/09\/IMG_1352-300x200.jpg 300w, https:\/\/art-et-muses.com\/wp-content\/uploads\/2017\/09\/IMG_1352-768x512.jpg 768w, https:\/\/art-et-muses.com\/wp-content\/uploads\/2017\/09\/IMG_1352-1080x720.jpg 1080w\" sizes=\"(max-width: 1024px) 100vw, 1024px\" \/><\/a><figcaption class=\"wp-element-caption\">Droits Art-et-Muses<\/figcaption><\/figure>\n\n\n\n<figure class=\"wp-block-image size-large\"><a href=\"https:\/\/art-et-muses.com\/wp-content\/uploads\/2017\/09\/IMG_1390.jpg\"><img width=\"1024\" height=\"683\" data-id=\"2468\"  alt=\"\" class=\"wp-image-2468 lws-optimize-lazyload\"\/ data-src=\"https:\/\/art-et-muses.com\/wp-content\/uploads\/2017\/09\/IMG_1390-1024x683.jpg\" srcset=\"https:\/\/art-et-muses.com\/wp-content\/uploads\/2017\/09\/IMG_1390-1024x683.jpg 1024w, https:\/\/art-et-muses.com\/wp-content\/uploads\/2017\/09\/IMG_1390-300x200.jpg 300w, https:\/\/art-et-muses.com\/wp-content\/uploads\/2017\/09\/IMG_1390-768x512.jpg 768w, https:\/\/art-et-muses.com\/wp-content\/uploads\/2017\/09\/IMG_1390-1080x720.jpg 1080w\" sizes=\"(max-width: 1024px) 100vw, 1024px\" \/><\/a><figcaption class=\"wp-element-caption\">Droits Art-et-Muses<\/figcaption><\/figure>\n\n\n\n<figure class=\"wp-block-image size-large\"><a href=\"https:\/\/art-et-muses.com\/wp-content\/uploads\/2017\/09\/IMG_1308-e1702300887580.jpg\"><img width=\"1024\" height=\"704\" data-id=\"2466\"  alt=\"\" class=\"wp-image-2466 lws-optimize-lazyload\"\/ data-src=\"https:\/\/art-et-muses.com\/wp-content\/uploads\/2017\/09\/IMG_1308-e1702300887580-1024x704.jpg\" srcset=\"https:\/\/art-et-muses.com\/wp-content\/uploads\/2017\/09\/IMG_1308-e1702300887580-1024x704.jpg 1024w, https:\/\/art-et-muses.com\/wp-content\/uploads\/2017\/09\/IMG_1308-e1702300887580-300x206.jpg 300w, https:\/\/art-et-muses.com\/wp-content\/uploads\/2017\/09\/IMG_1308-e1702300887580-768x528.jpg 768w, https:\/\/art-et-muses.com\/wp-content\/uploads\/2017\/09\/IMG_1308-e1702300887580-1536x1056.jpg 1536w, https:\/\/art-et-muses.com\/wp-content\/uploads\/2017\/09\/IMG_1308-e1702300887580-2048x1408.jpg 2048w, https:\/\/art-et-muses.com\/wp-content\/uploads\/2017\/09\/IMG_1308-e1702300887580-1568x1078.jpg 1568w\" sizes=\"(max-width: 1024px) 100vw, 1024px\" \/><\/a><figcaption class=\"wp-element-caption\">Droits Art-et-Muses<\/figcaption><\/figure>\n\n\n\n<figure class=\"wp-block-image size-large\"><a href=\"https:\/\/art-et-muses.com\/wp-content\/uploads\/2016\/11\/Ensemble-Art-et-Muses28.jpg\"><img width=\"683\" height=\"1024\" data-id=\"1892\"  alt=\"Art et Muses\" class=\"wp-image-1892 lws-optimize-lazyload\"\/ data-src=\"https:\/\/art-et-muses.com\/wp-content\/uploads\/2016\/11\/Ensemble-Art-et-Muses28-683x1024.jpg\" srcset=\"https:\/\/art-et-muses.com\/wp-content\/uploads\/2016\/11\/Ensemble-Art-et-Muses28-683x1024.jpg 683w, https:\/\/art-et-muses.com\/wp-content\/uploads\/2016\/11\/Ensemble-Art-et-Muses28-200x300.jpg 200w, https:\/\/art-et-muses.com\/wp-content\/uploads\/2016\/11\/Ensemble-Art-et-Muses28-768x1152.jpg 768w, https:\/\/art-et-muses.com\/wp-content\/uploads\/2016\/11\/Ensemble-Art-et-Muses28-1080x1620.jpg 1080w\" sizes=\"(max-width: 683px) 100vw, 683px\" \/><\/a><\/figure>\n\n\n\n<figure class=\"wp-block-image size-large\"><a href=\"https:\/\/art-et-muses.com\/wp-content\/uploads\/2016\/11\/Ensemble-Art-et-Muses27.jpg\"><img width=\"1024\" height=\"683\" data-id=\"1891\"  alt=\"Art et Muses\" class=\"wp-image-1891 lws-optimize-lazyload\"\/ data-src=\"https:\/\/art-et-muses.com\/wp-content\/uploads\/2016\/11\/Ensemble-Art-et-Muses27-1024x683.jpg\" srcset=\"https:\/\/art-et-muses.com\/wp-content\/uploads\/2016\/11\/Ensemble-Art-et-Muses27-1024x683.jpg 1024w, https:\/\/art-et-muses.com\/wp-content\/uploads\/2016\/11\/Ensemble-Art-et-Muses27-300x200.jpg 300w, https:\/\/art-et-muses.com\/wp-content\/uploads\/2016\/11\/Ensemble-Art-et-Muses27-768x512.jpg 768w, https:\/\/art-et-muses.com\/wp-content\/uploads\/2016\/11\/Ensemble-Art-et-Muses27-1080x720.jpg 1080w\" sizes=\"(max-width: 1024px) 100vw, 1024px\" \/><\/a><figcaption class=\"wp-element-caption\">Droits Art-et-Muses<\/figcaption><\/figure>\n\n\n\n<figure class=\"wp-block-image size-large\"><a href=\"https:\/\/art-et-muses.com\/wp-content\/uploads\/2016\/11\/Ensemble-Art-et-Muses33.jpg\"><img width=\"1024\" height=\"683\" data-id=\"1897\"  alt=\"Art et Muses\" class=\"wp-image-1897 lws-optimize-lazyload\"\/ data-src=\"https:\/\/art-et-muses.com\/wp-content\/uploads\/2016\/11\/Ensemble-Art-et-Muses33-1024x683.jpg\" srcset=\"https:\/\/art-et-muses.com\/wp-content\/uploads\/2016\/11\/Ensemble-Art-et-Muses33-1024x683.jpg 1024w, https:\/\/art-et-muses.com\/wp-content\/uploads\/2016\/11\/Ensemble-Art-et-Muses33-300x200.jpg 300w, https:\/\/art-et-muses.com\/wp-content\/uploads\/2016\/11\/Ensemble-Art-et-Muses33-768x512.jpg 768w, https:\/\/art-et-muses.com\/wp-content\/uploads\/2016\/11\/Ensemble-Art-et-Muses33-1080x720.jpg 1080w\" sizes=\"(max-width: 1024px) 100vw, 1024px\" \/><\/a><\/figure>\n\n\n\n<figure class=\"wp-block-image size-large\"><a href=\"https:\/\/art-et-muses.com\/wp-content\/uploads\/2024\/01\/IMG_1608-scaled.jpg\"><img data-id=\"3080\"  alt=\"\" class=\"wp-image-3080 lws-optimize-lazyload\"\/ data-src=\"https:\/\/art-et-muses.com\/wp-content\/uploads\/2024\/01\/IMG_1608-1024x683.jpg\"><\/a><\/figure>\n\n\n\n<figure class=\"wp-block-image size-large\"><a href=\"https:\/\/art-et-muses.com\/wp-content\/uploads\/2024\/01\/IMG_1591-scaled.jpg\"><img data-id=\"3079\"  alt=\"\" class=\"wp-image-3079 lws-optimize-lazyload\"\/ data-src=\"https:\/\/art-et-muses.com\/wp-content\/uploads\/2024\/01\/IMG_1591-1024x683.jpg\"><\/a><\/figure>\n\n\n\n<figure class=\"wp-block-image size-large\"><a href=\"https:\/\/art-et-muses.com\/wp-content\/uploads\/2024\/01\/IMG_1562-scaled.jpg\"><img data-id=\"3078\"  alt=\"\" class=\"wp-image-3078 lws-optimize-lazyload\"\/ data-src=\"https:\/\/art-et-muses.com\/wp-content\/uploads\/2024\/01\/IMG_1562-1024x683.jpg\"><\/a><\/figure>\n\n\n\n<figure class=\"wp-block-image size-large\"><a href=\"https:\/\/art-et-muses.com\/wp-content\/uploads\/2024\/01\/IMG_1560-scaled.jpg\"><img data-id=\"3077\"  alt=\"\" class=\"wp-image-3077 lws-optimize-lazyload\"\/ data-src=\"https:\/\/art-et-muses.com\/wp-content\/uploads\/2024\/01\/IMG_1560-1024x683.jpg\"><\/a><\/figure>\n\n\n\n<figure class=\"wp-block-image size-large\"><a href=\"https:\/\/art-et-muses.com\/wp-content\/uploads\/2024\/01\/IMG_1554-scaled.jpg\"><img data-id=\"3076\"  alt=\"\" class=\"wp-image-3076 lws-optimize-lazyload\"\/ data-src=\"https:\/\/art-et-muses.com\/wp-content\/uploads\/2024\/01\/IMG_1554-1024x683.jpg\"><\/a><\/figure>\n\n\n\n<figure class=\"wp-block-image size-large\"><a href=\"https:\/\/art-et-muses.com\/wp-content\/uploads\/2024\/01\/IMG_1326-scaled.jpg\"><img data-id=\"3072\"  alt=\"\" class=\"wp-image-3072 lws-optimize-lazyload\"\/ data-src=\"https:\/\/art-et-muses.com\/wp-content\/uploads\/2024\/01\/IMG_1326-1024x683.jpg\"><\/a><\/figure>\n\n\n\n<figure class=\"wp-block-image size-large\"><a href=\"https:\/\/art-et-muses.com\/wp-content\/uploads\/2024\/01\/IMG_6229-2.jpg\"><img data-id=\"3071\"  alt=\"\" class=\"wp-image-3071 lws-optimize-lazyload\"\/ data-src=\"https:\/\/art-et-muses.com\/wp-content\/uploads\/2024\/01\/IMG_6229-2-1024x930.jpg\"><\/a><\/figure>\n\n\n\n<figure class=\"wp-block-image size-large\"><a href=\"https:\/\/art-et-muses.com\/wp-content\/uploads\/2024\/01\/IMG_1443-scaled.jpg\"><img data-id=\"3073\"  alt=\"\" class=\"wp-image-3073 lws-optimize-lazyload\"\/ data-src=\"https:\/\/art-et-muses.com\/wp-content\/uploads\/2024\/01\/IMG_1443-1024x683.jpg\"><\/a><\/figure>\n\n\n\n<figure class=\"wp-block-image size-large\"><a href=\"https:\/\/art-et-muses.com\/wp-content\/uploads\/2024\/01\/IMG_1450-scaled.jpg\"><img data-id=\"3074\"  alt=\"\" class=\"wp-image-3074 lws-optimize-lazyload\"\/ data-src=\"https:\/\/art-et-muses.com\/wp-content\/uploads\/2024\/01\/IMG_1450-683x1024.jpg\"><\/a><\/figure>\n\n\n\n<figure class=\"wp-block-image size-large\"><a href=\"https:\/\/art-et-muses.com\/wp-content\/uploads\/2024\/01\/IMG_1453-scaled.jpg\"><img data-id=\"3075\"  alt=\"\" class=\"wp-image-3075 lws-optimize-lazyload\"\/ data-src=\"https:\/\/art-et-muses.com\/wp-content\/uploads\/2024\/01\/IMG_1453-683x1024.jpg\"><\/a><\/figure>\n\n\n\n<figure class=\"wp-block-image size-large\"><a href=\"https:\/\/art-et-muses.com\/wp-content\/uploads\/2024\/01\/IMG_6085-2.jpg\"><img data-id=\"3070\"  alt=\"\" class=\"wp-image-3070 lws-optimize-lazyload\"\/ data-src=\"https:\/\/art-et-muses.com\/wp-content\/uploads\/2024\/01\/IMG_6085-2-1024x683.jpg\"><\/a><\/figure>\n\n\n\n<figure class=\"wp-block-image size-large\"><a href=\"https:\/\/art-et-muses.com\/wp-content\/uploads\/2024\/01\/IMG_1457-scaled.jpg\"><img data-id=\"3090\"  alt=\"\" class=\"wp-image-3090 lws-optimize-lazyload\"\/ data-src=\"https:\/\/art-et-muses.com\/wp-content\/uploads\/2024\/01\/IMG_1457-683x1024.jpg\"><\/a><\/figure>\n\n\n\n<figure class=\"wp-block-image size-large\"><a href=\"https:\/\/art-et-muses.com\/wp-content\/uploads\/2024\/01\/IMG_1344-scaled.jpg\"><img data-id=\"3089\"  alt=\"\" class=\"wp-image-3089 lws-optimize-lazyload\"\/ data-src=\"https:\/\/art-et-muses.com\/wp-content\/uploads\/2024\/01\/IMG_1344-683x1024.jpg\"><\/a><\/figure>\n<\/figure>\n","protected":false},"excerpt":{"rendered":"<p>Pavane G. Faur\u00e9 (arr. No\u00e9mie AIRIAU, Ed. Klarth\u00e9) Concert-lecture \u00ab\u00a0Au temps des impressionnistes\u00a0\u00bb<\/p>\n","protected":false},"author":7,"featured_media":0,"parent":0,"menu_order":0,"comment_status":"closed","ping_status":"closed","template":"","meta":{"footnotes":""},"class_list":["post-1762","page","type-page","status-publish","hentry"],"_links":{"self":[{"href":"https:\/\/art-et-muses.com\/index.php?rest_route=\/wp\/v2\/pages\/1762","targetHints":{"allow":["GET"]}}],"collection":[{"href":"https:\/\/art-et-muses.com\/index.php?rest_route=\/wp\/v2\/pages"}],"about":[{"href":"https:\/\/art-et-muses.com\/index.php?rest_route=\/wp\/v2\/types\/page"}],"author":[{"embeddable":true,"href":"https:\/\/art-et-muses.com\/index.php?rest_route=\/wp\/v2\/users\/7"}],"replies":[{"embeddable":true,"href":"https:\/\/art-et-muses.com\/index.php?rest_route=%2Fwp%2Fv2%2Fcomments&post=1762"}],"version-history":[{"count":0,"href":"https:\/\/art-et-muses.com\/index.php?rest_route=\/wp\/v2\/pages\/1762\/revisions"}],"wp:attachment":[{"href":"https:\/\/art-et-muses.com\/index.php?rest_route=%2Fwp%2Fv2%2Fmedia&parent=1762"}],"curies":[{"name":"wp","href":"https:\/\/api.w.org\/{rel}","templated":true}]}}